{"id":565,"date":"2016-02-26T08:27:23","date_gmt":"2016-02-26T08:27:23","guid":{"rendered":"http:\/\/lucealacati.com\/?page_id=565"},"modified":"2016-03-09T08:33:55","modified_gmt":"2016-03-09T08:33:55","slug":"gurme-workshop-3","status":"publish","type":"page","link":"http:\/\/lucealacati.com\/tr\/gurme-workshop-3\/","title":{"rendered":"Gurme Workshop"},"content":{"rendered":"<p>[vc_row css=&#8221;.vc_custom_1455799854104{margin-top: 0px !important;}&#8221;][vc_column][vc_single_image image=&#8221;495&#8243; img_size=&#8221;full&#8221; alignment=&#8221;center&#8221; css_animation=&#8221;bottom-to-top&#8221; css=&#8221;.vc_custom_1456474331109{margin-top: 0px !important;margin-bottom: 0px !important;}&#8221;][\/vc_column][\/vc_row][vc_row][vc_column][vc_column_text]<\/p>\n<h3>Tarlas\u0131ndan yerel Ege tatlar\u0131\u2026<\/h3>\n<p>Ovac\u0131ktaki Noni\u2019s House\u2019ta yapt\u0131\u011f\u0131m\u0131z yerel, do\u011fal, bilgilendirici ve son derece keyifli &#8220;Gurme Workshop&#8221; olarak adland\u0131rd\u0131g\u0131m\u0131z mutfak \u00e7al\u0131\u015fmas\u0131nda\u00a0ilk olarak ev yap\u0131m\u0131 bir kadeh \u015farap ile at\u0131\u015ft\u0131rmal\u0131klar kar\u015f\u0131l\u0131yor sizleri. Bu ikramlara ba\u011flar\u0131n ve evin k\u0131sa tan\u0131t\u0131m\u0131 ve hikayesi ile yaz k\u0131\u015f buradaki do\u011fa ile ba\u015fba\u015fa ya\u015fam\u0131n masals\u0131 hikayesi e\u015flik ediyor.<\/p>\n<p><span style=\"line-height: 1.7;\">Sonras\u0131nda Ovac\u0131kta keyifli bir y\u00fcr\u00fcy\u00fc\u015f yaparken, taptaze arapsa\u00e7\u0131, turp otu, radika, hindiba gibi otlar\u0131 toplay\u0131p eve d\u00f6n\u00fcyorsunuz. Toplad\u0131\u011f\u0131n\u0131z otlar\u0131 temizleyip haz\u0131rlarken \u00e7ay kahve veya \u015farap ikram\u0131 i\u015ftah\u0131n\u0131z\u0131 sonraki ad\u0131ma haz\u0131rl\u0131yor. Hep beraber yerel tatlar\u0131, \u015farap ve yemek \u00fczerine sohbetler ederek mutfakta haz\u0131rl\u0131yor, sonras\u0131nda da e\u015fsiz bir deniz manzaras\u0131na kar\u015f\u0131, do\u011fa i\u00e7inde bir \u015feyler yudumlarken haz\u0131rlad\u0131\u011f\u0131n\u0131z Egeli lezzetlerin tad\u0131n\u0131 beraber \u00e7\u0131kart\u0131yoruz.<\/span><\/p>\n<p>Zengin Ege mutfa\u011f\u0131ndan hazr\u0131layaca\u011f\u0131m\u0131z lezzetler mevsimine g\u00f6re de\u011fi\u015fiklik g\u00f6steriyor ancak birka\u00e7 \u00f6rnek vermek gerekirse:<\/p>\n<ul>\n<li>Etli enginar<\/li>\n<li>Kuzu etli arapsa\u00e7\u0131<\/li>\n<li>Zeytinya\u011fl\u0131 yaprak sarma,<\/li>\n<li>Kuzu etli \u015fevketi bostan<\/li>\n<li>\u00c7e\u015fitli ot ve sebze yemekleri<\/li>\n<li>Bo\u015fnak b\u00f6re\u011fi<\/li>\n<li>Peynir taba\u011f\u0131<\/li>\n<li>\u00c7e\u015fitli\u00a0mezeler<\/li>\n<li>Salata<\/li>\n<li>Ev ekme\u011fi<\/li>\n<li>\u00c7e\u015fitli tatl\u0131lar<\/li>\n<\/ul>\n<p>Mutlaka bekleriz&#8230;<\/p>\n<h5>Experience Ala\u00e7at\u0131 by Luce Hotel<\/h5>\n<p>[\/vc_column_text][vc_row_inner][vc_column_inner][vc_text_separator title=&#8221;Bunu Payla\u015f&#8221; css=&#8221;.vc_custom_1455618216652{margin-top: 32px !important;margin-bottom: 12px !important;}&#8221;][socialwrap align=&#8221;center&#8221;][socialicon name=&#8221;fb&#8221;][socialicon name=&#8221;twitter&#8221;][socialicon name=&#8221;google&#8221;][socialicon name=&#8221;linkedin&#8221;][\/socialwrap][\/vc_column_inner][\/vc_row_inner][\/vc_column][\/vc_row][vc_row full_width=&#8221;stretch_row&#8221; css=&#8221;.vc_custom_1455800055746{margin-bottom: 0px !important;background-color: #ede2ce !important;}&#8221;][vc_column][vc_column_text css=&#8221;.vc_custom_1455613647398{margin-top: 32px !important;margin-bottom: 12px !important;}&#8221;]<\/p>\n<h2>Galeri<\/h2>\n<p>[\/vc_column_text][vc_masonry_media_grid element_width=&#8221;3&#8243; grid_id=&#8221;vc_gid:1455612846155-4f8c2e96-818d-4&#8243; include=&#8221;567,568,569,570,571,572,573,574,575,576,577,578,579,580&#8243; css=&#8221;.vc_custom_1456475165830{margin-top: 32px !important;margin-bottom: 64px !important;}&#8221;][\/vc_column][\/vc_row]<\/p>","protected":false},"excerpt":{"rendered":"<p>[vc_row css=&#8221;.vc_custom_1455799854104{margin-top: 0px !important;}&#8221;][vc_column][vc_single_image image=&#8221;495&#8243; img_size=&#8221;full&#8221; alignment=&#8221;center&#8221; css_animation=&#8221;bottom-to-top&#8221; css=&#8221;.vc_custom_1456474331109{margin-top: 0px !important;margin-bottom: 0px !important;}&#8221;][\/vc_column][\/vc_row][vc_row][vc_column][vc_column_text] Tarlas\u0131ndan yerel Ege tatlar\u0131\u2026 Ovac\u0131ktaki Noni\u2019s House\u2019ta yapt\u0131\u011f\u0131m\u0131z yerel, do\u011fal, bilgilendirici ve son derece keyifli &#8220;Gurme Workshop&#8221; olarak adland\u0131rd\u0131g\u0131m\u0131z mutfak \u00e7al\u0131\u015fmas\u0131nda\u00a0ilk olarak ev yap\u0131m\u0131 bir kadeh \u015farap ile at\u0131\u015ft\u0131rmal\u0131klar kar\u015f\u0131l\u0131yor sizleri. Bu ikramlara ba\u011flar\u0131n ve evin k\u0131sa tan\u0131t\u0131m\u0131 ve hikayesi ile yaz<a class=\"read-more\" href=\"http:\/\/lucealacati.com\/tr\/gurme-workshop-3\/\">Continue reading <i class=\"fal fa-angle-right\"><\/i><\/a><\/p>\n","protected":false},"author":1,"featured_media":0,"parent":0,"menu_order":0,"comment_status":"closed","ping_status":"closed","template":"","meta":[],"_links":{"self":[{"href":"http:\/\/lucealacati.com\/tr\/wp-json\/wp\/v2\/pages\/565"}],"collection":[{"href":"http:\/\/lucealacati.com\/tr\/wp-json\/wp\/v2\/pages"}],"about":[{"href":"http:\/\/lucealacati.com\/tr\/wp-json\/wp\/v2\/types\/page"}],"author":[{"embeddable":true,"href":"http:\/\/lucealacati.com\/tr\/wp-json\/wp\/v2\/users\/1"}],"replies":[{"embeddable":true,"href":"http:\/\/lucealacati.com\/tr\/wp-json\/wp\/v2\/comments?post=565"}],"version-history":[{"count":4,"href":"http:\/\/lucealacati.com\/tr\/wp-json\/wp\/v2\/pages\/565\/revisions"}],"predecessor-version":[{"id":588,"href":"http:\/\/lucealacati.com\/tr\/wp-json\/wp\/v2\/pages\/565\/revisions\/588"}],"wp:attachment":[{"href":"http:\/\/lucealacati.com\/tr\/wp-json\/wp\/v2\/media?parent=565"}],"curies":[{"name":"wp","href":"https:\/\/api.w.org\/{rel}","templated":true}]}}