{"id":539,"date":"2016-02-25T10:33:38","date_gmt":"2016-02-25T10:33:38","guid":{"rendered":"http:\/\/lucealacati.com\/?page_id=539"},"modified":"2016-02-25T10:33:38","modified_gmt":"2016-02-25T10:33:38","slug":"sarap-tadimi","status":"publish","type":"page","link":"http:\/\/lucealacati.com\/tr\/sarap-tadimi\/","title":{"rendered":"\u015earap Tad\u0131m\u0131"},"content":{"rendered":"<p>[vc_row css=&#8221;.vc_custom_1455799854104{margin-top: 0px !important;}&#8221;][vc_column][vc_single_image image=&#8221;412&#8243; img_size=&#8221;full&#8221; alignment=&#8221;center&#8221; css_animation=&#8221;bottom-to-top&#8221; css=&#8221;.vc_custom_1456395196818{margin-top: 0px !important;margin-bottom: 0px !important;}&#8221;][\/vc_column][\/vc_row][vc_row][vc_column][vc_column_text]As a husband and wife team living in Urla, Nancy and Mert will deliver an intimate look at the Urla Ba\u011f yolu &#8211; the vineyard road &#8211; that only locals can provide. Nancy and Mert are world travelers and have a love for exploring unique destinations. After living in New York City for over 15 years, they decided to give up their hectic lifestyle for the chance to enjoy the warmth, charm and organic nature of the Aegean coast in Urla. These two Urla natives will enhance each tour experience with their connection to the Urla Community.<\/p>\n<h3>TOURS<\/h3>\n<h4>The Urla Wineries Tour<\/h4>\n<p>A one-day tour including four local, organic wineries in the heart of Urla, (10am \u2013 5pm).<\/p>\n<p>The Urla Wineries Tour includes:<\/p>\n<ul>\n<li>Pick up at 10am.<\/li>\n<li>As we drive through the Ba\u011f Yolu we will stop at four local, organic wineries featuring distinctly different premier wines, unique ambience and remarkable wine portfolios. At each winery we will taste the wines, tour the grounds and learn about their wine making process.<\/li>\n<li>During the afternoon we will enjoy a taste of local cuisine in the beautiful setting of an Urla winery.<\/li>\n<li>On the way out of town, we\u2019ll enjoy a scenic drive through the scenic farmland of Urla.<\/li>\n<li>Return drop off at 5pm.<\/li>\n<\/ul>\n<h4>The Agriculture &amp; Wine Tour<\/h4>\n<p>A one-day tour including two local, organic wineries, an arbitrarium and\u2028a drive through Urla farmland,(11am \u2013 4pm).<\/p>\n<p>The Agriculture &amp; Wine Tour includes:<\/p>\n<ul>\n<li>Pick up at 11am.<\/li>\n<li>A scenic drive through local vegetation farms.<\/li>\n<li>Two stops at local, organic wineries. Here you will taste the wines and learn about the wine making process plus olive oil tasting.<\/li>\n<li>A truly spectacular and one-of-a-kind plant farm and arbitrarium. UZBA\u015e features the biggest palm plantation in all of Europe. We\u2019ll have time to roam the gardens and greenhouses with breathtaking awe and discover some of the agriculture techniques behind this enchanting farm.<\/li>\n<li>During our vineyard stops, we will enjoy a taste of local cuisine in the beautiful setting of an Urla winery.<\/li>\n<li>Return drop off at 4pm.<\/li>\n<\/ul>\n<h5>Experience Ala\u00e7at\u0131 by Luce Hotel<\/h5>\n<p>[\/vc_column_text][vc_row_inner][vc_column_inner][vc_text_separator title=&#8221;Bunu Payla\u015f&#8221; css=&#8221;.vc_custom_1455618216652{margin-top: 32px !important;margin-bottom: 12px !important;}&#8221;][socialwrap align=&#8221;center&#8221;][socialicon name=&#8221;fb&#8221;][socialicon name=&#8221;twitter&#8221;][socialicon name=&#8221;google&#8221;][socialicon name=&#8221;linkedin&#8221;][\/socialwrap][\/vc_column_inner][\/vc_row_inner][\/vc_column][\/vc_row][vc_row full_width=&#8221;stretch_row&#8221; css=&#8221;.vc_custom_1455800055746{margin-bottom: 0px !important;background-color: #ede2ce !important;}&#8221;][vc_column][vc_column_text css=&#8221;.vc_custom_1455613647398{margin-top: 32px !important;margin-bottom: 12px !important;}&#8221;]<\/p>\n<h2>Galeri<\/h2>\n<p>[\/vc_column_text][vc_masonry_media_grid element_width=&#8221;3&#8243; grid_id=&#8221;vc_gid:1455612846155-4f8c2e96-818d-4&#8243; include=&#8221;540,541,542,543,544,545,546,547,548,549,550,551,552,553,554,555,556&#8243; css=&#8221;.vc_custom_1456395787549{margin-top: 32px !important;margin-bottom: 64px !important;}&#8221;][\/vc_column][\/vc_row]<\/p>","protected":false},"excerpt":{"rendered":"<p>[vc_row css=&#8221;.vc_custom_1455799854104{margin-top: 0px !important;}&#8221;][vc_column][vc_single_image image=&#8221;412&#8243; img_size=&#8221;full&#8221; alignment=&#8221;center&#8221; css_animation=&#8221;bottom-to-top&#8221; css=&#8221;.vc_custom_1456395196818{margin-top: 0px !important;margin-bottom: 0px !important;}&#8221;][\/vc_column][\/vc_row][vc_row][vc_column][vc_column_text]As a husband and wife team living in Urla, Nancy and Mert will deliver an intimate look at the Urla Ba\u011f yolu &#8211; the vineyard road &#8211; that only locals can provide. Nancy and Mert are world travelers and have a love for<a class=\"read-more\" href=\"http:\/\/lucealacati.com\/tr\/sarap-tadimi\/\">Continue reading <i class=\"fal fa-angle-right\"><\/i><\/a><\/p>\n","protected":false},"author":1,"featured_media":0,"parent":0,"menu_order":0,"comment_status":"closed","ping_status":"closed","template":"","meta":[],"_links":{"self":[{"href":"http:\/\/lucealacati.com\/tr\/wp-json\/wp\/v2\/pages\/539"}],"collection":[{"href":"http:\/\/lucealacati.com\/tr\/wp-json\/wp\/v2\/pages"}],"about":[{"href":"http:\/\/lucealacati.com\/tr\/wp-json\/wp\/v2\/types\/page"}],"author":[{"embeddable":true,"href":"http:\/\/lucealacati.com\/tr\/wp-json\/wp\/v2\/users\/1"}],"replies":[{"embeddable":true,"href":"http:\/\/lucealacati.com\/tr\/wp-json\/wp\/v2\/comments?post=539"}],"version-history":[{"count":1,"href":"http:\/\/lucealacati.com\/tr\/wp-json\/wp\/v2\/pages\/539\/revisions"}],"predecessor-version":[{"id":557,"href":"http:\/\/lucealacati.com\/tr\/wp-json\/wp\/v2\/pages\/539\/revisions\/557"}],"wp:attachment":[{"href":"http:\/\/lucealacati.com\/tr\/wp-json\/wp\/v2\/media?parent=539"}],"curies":[{"name":"wp","href":"https:\/\/api.w.org\/{rel}","templated":true}]}}