{"id":43,"date":"2016-02-07T15:46:55","date_gmt":"2016-02-07T15:46:55","guid":{"rendered":"http:\/\/lucealacati.com\/?page_id=43"},"modified":"2019-03-16T09:24:43","modified_gmt":"2019-03-16T09:24:43","slug":"luce","status":"publish","type":"page","link":"http:\/\/lucealacati.com\/tr\/luce\/","title":{"rendered":"Luce"},"content":{"rendered":"<p><\/p>\n<p>[vc_row css=&#8221;.vc_custom_1552728281107{margin-top: 0px !important;margin-bottom: 0px !important;padding-top: 40px !important;}&#8221;][vc_column][vc_column_text]<\/p>\n<h3>T\u00fcm duyular\u0131n\u0131z\u0131 harekete ge\u00e7irecek en ince detaylar\u0131 sizin i\u00e7in d\u00fc\u015f\u00fcnd\u00fck.<\/h3>\n<p>[\/vc_column_text][\/vc_column][\/vc_row][vc_row][vc_column width=&#8221;1\/2&#8243;][vc_column_text]G\u00fcn\u00fcn ilk \u0131\u015f\u0131klar\u0131 ile odan\u0131z\u0131n bah\u00e7esinden gelen ku\u015f c\u0131v\u0131lt\u0131lar\u0131 ile uyanacak, g\u00fcne\u015f r\u00fczgar g\u00fcllerinin ard\u0131nda g\u00fcne veda ederek yerini y\u0131ld\u0131zlara b\u0131rak\u0131rken, sizi huzurlu ve keyifli bir yaz ak\u015fam\u0131na haz\u0131rlayacak zengin m\u00fczik ar\u015fivimizle tan\u0131\u015facaks\u0131n\u0131z.<\/p>\n<p>Ku\u015flar\u0131n g\u00fcn\u00fc m\u00fcjdeleyen c\u0131v\u0131lt\u0131lar\u0131 ile ba\u015flad\u0131\u011f\u0131n\u0131z sabahlarda, Ala\u00e7at\u0131 ve Ovac\u0131k \u00fcreticilerin yeti\u015ftirdikleri domates, biberler, ev yap\u0131m\u0131 re\u00e7eller, civar k\u00f6ylerden \u00f6zenle se\u00e7ilmi\u015f zeytinler, ta\u015f s\u0131kma zeytinya\u011f\u0131, y\u00f6renin ta\u015f f\u0131r\u0131nlar\u0131nda sizin i\u00e7in odun ate\u015finde pi\u015firilmi\u015f ekmekler ile kahvalt\u0131n\u0131z\u0131 ister bembeyaz verandam\u0131zda ister odan\u0131z\u0131n bah\u00e7esinde yapabileceksiniz. G\u00fcn boyunca Ala\u00e7at\u0131\u2019n\u0131n hi\u00e7 durmayan esintisi teninizi ok\u015farken size \u00f6zel salata ve snacklerimizi tadabileceksiniz.<\/p>\n<p>G\u00fcne\u015fin yava\u015f yava\u015f yorulmaya ba\u015flad\u0131\u011f\u0131 saatlerde, f\u0131r\u0131n\u0131m\u0131zdan y\u00fckselen taze kek kokular\u0131n\u0131 duydu\u011funuzda verandam\u0131zdaki koltuklarda rahatlayarak alaca\u011f\u0131n\u0131z 5 \u00e7ay\u0131 i\u00e7in haz\u0131rlanmaya ba\u015flayabilirsiniz.<\/p>\n<p>Gece yakla\u015f\u0131rken , yaseminler enfes kokular\u0131n\u0131 yaymaya ba\u015flad\u0131\u011f\u0131nda g\u00fcn\u00fcn en g\u00fczel saatleri ba\u015flayacak. Barmaidimizin haz\u0131rlad\u0131\u011f\u0131 kokteylleri, \u00f6d\u00fcll\u00fc \u015faraplar\u0131n yer ald\u0131\u011f\u0131 \u015farap kav\u0131m\u0131zdan se\u00e7ece\u011finiz \u015faraplar\u0131, Lu-ce at\u0131\u015ft\u0131rmal\u0131klar e\u015fli\u011finde yudumlayarak damak zevkinizi \u015f\u0131martacaks\u0131n\u0131z.<\/p>\n<p>R\u00fczgar g\u00fclleri batan g\u00fcne\u015fin k\u0131z\u0131l renklerine boyand\u0131\u011f\u0131nda tam kar\u015f\u0131n\u0131zdan y\u00fckselen dolunay sizi \u015fa\u015f\u0131rtacak. Ala\u00e7at\u0131\u2019n\u0131n kalabal\u0131\u011f\u0131ndan uzak bir gece ge\u00e7irmek isteyenler y\u0131ld\u0131zlar\u0131n ayla yar\u0131\u015ft\u0131\u011f\u0131, havuza yans\u0131yarak \u00e7o\u011fald\u0131\u011f\u0131 b\u00fcy\u00fcl\u00fc bah\u00e7emizde \u00f6zel bir gece ya\u015fayabilecekler.<\/p>\n<p>T\u00fcm do\u011fan\u0131n yeni mevsimler i\u00e7in haz\u0131rl\u0131k yapt\u0131\u011f\u0131 ilkbahar ve sonbahar aylar\u0131n\u0131n serin gecelerinde, evinizde gibi hissedece\u011finiz s\u0131cac\u0131k verandam\u0131zda yapaca\u011f\u0131n\u0131z samimi sohbetlerinize se\u00e7kin \u015faraplar\u0131m\u0131z e\u015flik edecek.<\/p>\n<p>B\u00fct\u00fcn bunlara sanat severler i\u00e7in otelimizin geni\u015f hol\u00fcnde sergilenecek her t\u00fcrl\u00fc yarat\u0131c\u0131 sanat eserini de eklersek, ister yaz tatili, ister bir hafta sonu ka\u00e7ama\u011f\u0131 olsun ruhunuz ar\u0131nm\u0131\u015f olarak tekrar g\u00f6r\u00fc\u015fmek \u00fczere sizi u\u011furlayaca\u011f\u0131z.[\/vc_column_text][\/vc_column][vc_column width=&#8221;1\/2&#8243;][vc_single_image image=&#8221;8&#8243; img_size=&#8221;full&#8221; alignment=&#8221;right&#8221; style=&#8221;vc_box_circle_2&#8243; css_animation=&#8221;right-to-left&#8221;][\/vc_column][\/vc_row]<\/p>\n<p><\/p>","protected":false},"excerpt":{"rendered":"<p>[vc_row css=&#8221;.vc_custom_1552728281107{margin-top: 0px !important;margin-bottom: 0px !important;padding-top: 40px !important;}&#8221;][vc_column][vc_column_text] T\u00fcm duyular\u0131n\u0131z\u0131 harekete ge\u00e7irecek en ince detaylar\u0131 sizin i\u00e7in d\u00fc\u015f\u00fcnd\u00fck. [\/vc_column_text][\/vc_column][\/vc_row][vc_row][vc_column width=&#8221;1\/2&#8243;][vc_column_text]G\u00fcn\u00fcn ilk \u0131\u015f\u0131klar\u0131 ile odan\u0131z\u0131n bah\u00e7esinden gelen ku\u015f c\u0131v\u0131lt\u0131lar\u0131 ile uyanacak, g\u00fcne\u015f r\u00fczgar g\u00fcllerinin ard\u0131nda g\u00fcne veda ederek yerini y\u0131ld\u0131zlara b\u0131rak\u0131rken, sizi huzurlu ve keyifli bir yaz ak\u015fam\u0131na haz\u0131rlayacak zengin m\u00fczik ar\u015fivimizle tan\u0131\u015facaks\u0131n\u0131z. Ku\u015flar\u0131n g\u00fcn\u00fc m\u00fcjdeleyen<a class=\"read-more\" href=\"http:\/\/lucealacati.com\/tr\/luce\/\">Continue reading <i class=\"fal fa-angle-right\"><\/i><\/a><\/p>\n","protected":false},"author":1,"featured_media":0,"parent":0,"menu_order":0,"comment_status":"closed","ping_status":"closed","template":"","meta":[],"_links":{"self":[{"href":"http:\/\/lucealacati.com\/tr\/wp-json\/wp\/v2\/pages\/43"}],"collection":[{"href":"http:\/\/lucealacati.com\/tr\/wp-json\/wp\/v2\/pages"}],"about":[{"href":"http:\/\/lucealacati.com\/tr\/wp-json\/wp\/v2\/types\/page"}],"author":[{"embeddable":true,"href":"http:\/\/lucealacati.com\/tr\/wp-json\/wp\/v2\/users\/1"}],"replies":[{"embeddable":true,"href":"http:\/\/lucealacati.com\/tr\/wp-json\/wp\/v2\/comments?post=43"}],"version-history":[{"count":9,"href":"http:\/\/lucealacati.com\/tr\/wp-json\/wp\/v2\/pages\/43\/revisions"}],"predecessor-version":[{"id":663,"href":"http:\/\/lucealacati.com\/tr\/wp-json\/wp\/v2\/pages\/43\/revisions\/663"}],"wp:attachment":[{"href":"http:\/\/lucealacati.com\/tr\/wp-json\/wp\/v2\/media?parent=43"}],"curies":[{"name":"wp","href":"https:\/\/api.w.org\/{rel}","templated":true}]}}