{"id":37,"date":"2016-02-07T15:43:25","date_gmt":"2016-02-07T15:43:25","guid":{"rendered":"http:\/\/lucealacati.com\/?page_id=37"},"modified":"2018-07-30T13:29:47","modified_gmt":"2018-07-30T13:29:47","slug":"experiencealacati","status":"publish","type":"page","link":"http:\/\/lucealacati.com\/tr\/experiencealacati\/","title":{"rendered":"Experience Ala\u00e7at\u0131"},"content":{"rendered":"<p>[vc_row full_width=&#8221;stretch_row&#8221;][vc_column][rev_slider_vc alias=&#8221;exper\u0131ence&#8221;][\/vc_column][\/vc_row][vc_row][vc_column][vc_column_text]<\/p>\n<h2>Experience Ala\u00e7at\u0131 with Luce<\/h2>\n<p>Luce Hotel b\u00fcnyesinde sizlere daha samimi bir Ala\u00e7at\u0131&#8217;y\u0131 en iyi temsilcileri ile tan\u0131tmak i\u00e7in Experience Ala\u00e7at\u0131 etkinliklerini b\u00fcy\u00fck bir \u00f6zen ile haz\u0131rlad\u0131k.<\/p>\n<p>Rezervasyonunuzu yapt\u0131\u011f\u0131n\u0131zda veya misafirimiz oldu\u011funuzda sizin i\u00e7in organize edebilece\u011fimiz \u00e7e\u015fitli, yerel ve son derece exclusive deneyimler ile ilgili daha fazla bilgi i\u00e7in bu sayfalar\u0131 inceleyebilir veya bizimle direk temasa ge\u00e7ebilirisini.<\/p>\n<h4>G\u00f6r\u00fc\u015fmek dile\u011fiyle&#8230;<\/h4>\n<p>[\/vc_column_text][\/vc_column][\/vc_row][vc_row css=&#8221;.vc_custom_1455798852095{margin-top: 0px !important;margin-bottom: 0px !important;}&#8221;][vc_column width=&#8221;1\/3&#8243;][vc_single_image image=&#8221;559&#8243; img_size=&#8221;full&#8221; alignment=&#8221;center&#8221; style=&#8221;vc_box_rounded&#8221; onclick=&#8221;custom_link&#8221; css_animation=&#8221;bottom-to-top&#8221; css=&#8221;.vc_custom_1456409227505{margin-bottom: 15px !important;}&#8221; link=&#8221;http:\/\/lucealacati.com\/yelkenle-alacati\/&#8221;][vc_column_text css_animation=&#8221;bottom-to-top&#8221; css=&#8221;.vc_custom_1456409347128{margin-top: 0px !important;}&#8221;]<\/p>\n<h3 style=\"text-align: center;\">Yelkenle Ala\u00e7at\u0131\u2026<\/h3>\n<p style=\"text-align: center;\">Esintiye kendinizi teslim edin, denizin \u00e7a\u011fr\u0131s\u0131na Ala\u00e7at\u0131 k\u0131y\u0131lar\u0131n\u0131 ke\u015ffederek cevap verin\u2026<\/p>\n<p style=\"text-align: center;\"><a href=\"http:\/\/lucealacati.com\/yelkenle-alacati\/\">Daha Fazla Bilgi &gt;<\/a><\/p>\n<p>[\/vc_column_text][vc_separator css=&#8221;.vc_custom_1455890652373{margin-bottom: 10px !important;}&#8221;][\/vc_column][vc_column width=&#8221;1\/3&#8243;][vc_single_image image=&#8221;560&#8243; img_size=&#8221;full&#8221; alignment=&#8221;center&#8221; style=&#8221;vc_box_rounded&#8221; onclick=&#8221;custom_link&#8221; css_animation=&#8221;bottom-to-top&#8221; css=&#8221;.vc_custom_1457519271543{margin-bottom: 15px !important;}&#8221; link=&#8221;http:\/\/lucealacati.com\/gurme-workshop-3\/&#8221;][vc_column_text css_animation=&#8221;bottom-to-top&#8221;]<\/p>\n<h3 style=\"text-align: center;\">Gurme Workshop&#8230;<\/h3>\n<p style=\"text-align: center;\">Yerel Ege tatlar\u0131n\u0131 ke\u015ffetmeniz i\u00e7in gurme bir workshop deneyimi&#8230;<\/p>\n<p style=\"text-align: center;\"><a href=\"http:\/\/lucealacati.com\/gurme-workshop-3\/\">Daha fazla bilgi &gt;<\/a><\/p>\n<p>[\/vc_column_text][vc_separator css=&#8221;.vc_custom_1455890652373{margin-bottom: 10px !important;}&#8221;][\/vc_column][vc_column width=&#8221;1\/3&#8243;][vc_single_image image=&#8221;561&#8243; img_size=&#8221;full&#8221; alignment=&#8221;center&#8221; style=&#8221;vc_box_rounded&#8221; onclick=&#8221;custom_link&#8221; css_animation=&#8221;bottom-to-top&#8221; css=&#8221;.vc_custom_1456409297402{margin-bottom: 15px !important;}&#8221; link=&#8221;http:\/\/lucealacati.com\/sarap-tadimi\/&#8221;][vc_column_text css_animation=&#8221;bottom-to-top&#8221;]<\/p>\n<h3 style=\"text-align: center;\">\u015earap Tad\u0131m\u0131&#8230;<\/h3>\n<p style=\"text-align: center;\">Urla \u015farap tad\u0131mlar\u0131&#8230;<\/p>\n<p style=\"text-align: center;\"><a href=\"http:\/\/lucealacati.com\/sarap-tadimi\/\">Daha fazla bilgi &gt;<\/a><\/p>\n<p>[\/vc_column_text][vc_separator css=&#8221;.vc_custom_1455890652373{margin-bottom: 10px !important;}&#8221;][\/vc_column][\/vc_row][vc_row css=&#8221;.vc_custom_1455798881776{margin-top: 0px !important;margin-bottom: 0px !important;}&#8221;][vc_column width=&#8221;1\/3&#8243;][vc_single_image image=&#8221;562&#8243; img_size=&#8221;full&#8221; alignment=&#8221;center&#8221; style=&#8221;vc_box_rounded&#8221; onclick=&#8221;custom_link&#8221; css_animation=&#8221;bottom-to-top&#8221; css=&#8221;.vc_custom_1456409330653{margin-bottom: 15px !important;}&#8221; link=&#8221;http:\/\/lucealacati.com\/resim-atolyesi\/&#8221;][vc_column_text css_animation=&#8221;bottom-to-top&#8221;]<\/p>\n<h3 style=\"text-align: center;\">Resim At\u00f6lyesi\u2026<\/h3>\n<p style=\"text-align: center;\">Ala\u00e7at\u0131 ruhunun \u00fczerinizdeki etkisini tuval \u00fczerine yans\u0131tmak istemezmisiniz?<\/p>\n<p style=\"text-align: center;\"><a href=\"http:\/\/lucealacati.com\/resim-atolyesi\/\">Daha fazla bilgi &gt;<\/a><\/p>\n<p>[\/vc_column_text][vc_separator css=&#8221;.vc_custom_1455890652373{margin-bottom: 10px !important;}&#8221;][\/vc_column][vc_column width=&#8221;1\/3&#8243;][vc_single_image image=&#8221;322&#8243; img_size=&#8221;full&#8221; alignment=&#8221;center&#8221; style=&#8221;vc_box_rounded&#8221; onclick=&#8221;custom_link&#8221; img_link_target=&#8221;_blank&#8221; css_animation=&#8221;bottom-to-top&#8221; css=&#8221;.vc_custom_1455799458702{margin-bottom: 15px !important;}&#8221; link=&#8221;http:\/\/www.alacatiotfestivali.com\/&#8221;][vc_column_text css_animation=&#8221;bottom-to-top&#8221;]<\/p>\n<h3 style=\"text-align: center;\">Ala\u00e7at\u0131 Ot Festivali<\/h3>\n<p style=\"text-align: center;\">\u0130lkini 2010 y\u0131l\u0131nda d\u00fczenledi\u011fimiz Ala\u00e7at\u0131 Ot Festivali\u2019nin 6.s\u0131n\u0131 bu y\u0131l \u201cEbeg\u00fcmeci\u201d temas\u0131yla ger\u00e7ekle\u015ftiriliyor.<\/p>\n<p style=\"text-align: center;\"><a href=\"http:\/\/www.alacatiotfestivali.com\/\">www.alacatiotfestivali.com<\/a><\/p>\n<p>[\/vc_column_text][vc_separator css=&#8221;.vc_custom_1455890652373{margin-bottom: 10px !important;}&#8221;][\/vc_column][vc_column width=&#8221;1\/3&#8243;][vc_single_image image=&#8221;321&#8243; img_size=&#8221;full&#8221; alignment=&#8221;center&#8221; style=&#8221;vc_box_rounded&#8221; onclick=&#8221;custom_link&#8221; img_link_target=&#8221;_blank&#8221; css_animation=&#8221;bottom-to-top&#8221; css=&#8221;.vc_custom_1455799537981{margin-bottom: 15px !important;}&#8221; link=&#8221;http:\/\/www.redalacatifishing.com&#8221;][vc_column_text css_animation=&#8221;bottom-to-top&#8221;]<\/p>\n<h3 style=\"text-align: center;\">Ala\u00e7at\u0131\u00a0Uluslararas\u0131 Bal\u0131k Turnuvas\u0131<\/h3>\n<p style=\"text-align: center;\">Sportif bal\u0131k avc\u0131l\u0131\u011f\u0131, yakalanan bal\u0131klardan daha \u00e7ok, kurulan dostluklar, gidilen seyahatler ve ya\u015fanan maceralar ile de\u011fer kazanan bir ya\u015fam \u015fekli. Ala\u00e7at\u0131 Uluslararas\u0131 Bal\u0131k\u00e7\u0131l\u0131k turnuvas\u0131n\u0131n kap\u0131lar\u0131 da t\u00fcm amat\u00f6r bal\u0131k merakl\u0131lar\u0131na a\u00e7\u0131k, sadece denize sevdal\u0131 ve oltaya ba\u011fl\u0131 olman\u0131z yeterli.<\/p>\n<p style=\"text-align: center;\"><a href=\"http:\/\/www.redalacatifishing.com\/\">www.redalacatifishing.com<\/a><\/p>\n<p>[\/vc_column_text][vc_separator css=&#8221;.vc_custom_1455890652373{margin-bottom: 10px !important;}&#8221;][\/vc_column][\/vc_row][vc_row][vc_column][vc_separator][\/vc_column][\/vc_row][vc_row][vc_column][vc_column_text]<\/p>\n<h1>A\u015eK \u0130LE YARATILAN B\u0130R KASABA &#8211; ALA\u00c7ATI<\/h1>\n<p>[\/vc_column_text][\/vc_column][\/vc_row][vc_row][vc_column width=&#8221;1\/2&#8243;][vc_column_text]Bir zamanlar \u0130onia medeniyeti Bat\u0131 Ege\u2019de h\u00fck\u00fcm s\u00fcrerken Antik Yunanl\u0131lar Agrilia diyorlard\u0131 Ala\u00e7at\u0131\u2019ya. O zamanlar Agrilia iki b\u00fcy\u00fck tanr\u0131n\u0131n birbirine deliler gibi a\u015f\u0131k olmas\u0131na \u015fahitlik etti ve R\u00fczgar Tanr\u0131s\u0131n\u0131n k\u0131z\u0131 Alkyone ile Deniz Tanr\u0131s\u0131 Poseidon\u2019un o b\u00fcy\u00fck a\u015fk\u0131 kutsad\u0131 bu k\u00fc\u00e7\u00fck kasabay\u0131.<\/p>\n<p>Begonvil ve lavanta kokular\u0131yla bezenip Ala\u00e7at\u0131\u2019n\u0131n dar sokaklar\u0131nda esintisiyle dola\u015fan g\u00fczeller g\u00fczeli Alkyone, bu kutsal a\u015fk\u0131 b\u00fct\u00fcn d\u00fcnyaya ilan etti. Poseidon bu a\u015fk\u0131n etkisiyle denizini \u00e7ivit maviye boyad\u0131, kumsallar\u0131 alt\u0131n renkli kumlarla s\u00fcsledi.<\/p>\n<p>Bu a\u015fk\u0131n b\u00fcy\u00fcs\u00fcnden etkilenen toprak en lezzetli mahsullerini verdi ve bu mahsullerle beslenen Ala\u00e7at\u0131 halk\u0131, r\u00fczgarla denizin birbirleriyle inan\u0131lmaz bir ahenk i\u00e7inde dans edi\u015flerini izledi.<\/p>\n<p>Alkyone ve Poseidon\u2019un miras\u0131 r\u00fczgar ve denizle kucakla\u015fan kasaba \u00f6nce s\u00f6rfseverlerle, sonra bu \u015firin kasabaya a\u015f\u0131k olan sevdal\u0131larla doldu ta\u015ft\u0131. Ancak bunca zaman sonra bile Ala\u00e7at\u0131 hi\u00e7bir zaman ne do\u011fall\u0131\u011f\u0131n\u0131, ne mimarisini, ne de sunduklar\u0131n\u0131 yitirdi. Hala biz a\u015fka tapanlara en g\u00fczel do\u011fas\u0131n\u0131, en g\u00fczel insanlar\u0131n\u0131 ve en g\u00fczel \u00fcr\u00fcnlerini ikram etmeye devam ediyor.<\/p>\n<p>Bizler de siz do\u011fa ve do\u011fall\u0131k sevenleri Ala\u00e7at\u0131\u2019miza bekliyoruz&#8230;[\/vc_column_text][\/vc_column][vc_column width=&#8221;1\/2&#8243;][vc_single_image image=&#8221;68&#8243; img_size=&#8221;full&#8221; alignment=&#8221;right&#8221; style=&#8221;vc_box_circle_2&#8243; css_animation=&#8221;left-to-right&#8221;][\/vc_column][\/vc_row][vc_row][vc_column][vc_separator][\/vc_column][\/vc_row][vc_row][vc_column][vc_masonry_media_grid style=&#8221;lazy&#8221; items_per_page=&#8221;8&#8243; element_width=&#8221;3&#8243; grid_id=&#8221;vc_gid:1457510755417-114adbad-7a4e-10&#8243; include=&#8221;438,435,434,433,428,429,430,431,432,425,426,423,424,422,421,418,414,416&#8243;][\/vc_column][\/vc_row]<\/p>","protected":false},"excerpt":{"rendered":"<p>[vc_row full_width=&#8221;stretch_row&#8221;][vc_column][rev_slider_vc alias=&#8221;exper\u0131ence&#8221;][\/vc_column][\/vc_row][vc_row][vc_column][vc_column_text] Experience Ala\u00e7at\u0131 with Luce Luce Hotel b\u00fcnyesinde sizlere daha samimi bir Ala\u00e7at\u0131&#8217;y\u0131 en iyi temsilcileri ile tan\u0131tmak i\u00e7in Experience Ala\u00e7at\u0131 etkinliklerini b\u00fcy\u00fck bir \u00f6zen ile haz\u0131rlad\u0131k. Rezervasyonunuzu yapt\u0131\u011f\u0131n\u0131zda veya misafirimiz oldu\u011funuzda sizin i\u00e7in organize edebilece\u011fimiz \u00e7e\u015fitli, yerel ve son derece exclusive deneyimler ile ilgili daha fazla bilgi i\u00e7in bu sayfalar\u0131 inceleyebilir veya<a class=\"read-more\" href=\"http:\/\/lucealacati.com\/tr\/experiencealacati\/\">Continue reading <i class=\"fal fa-angle-right\"><\/i><\/a><\/p>\n","protected":false},"author":1,"featured_media":0,"parent":0,"menu_order":0,"comment_status":"closed","ping_status":"closed","template":"","meta":[],"_links":{"self":[{"href":"http:\/\/lucealacati.com\/tr\/wp-json\/wp\/v2\/pages\/37"}],"collection":[{"href":"http:\/\/lucealacati.com\/tr\/wp-json\/wp\/v2\/pages"}],"about":[{"href":"http:\/\/lucealacati.com\/tr\/wp-json\/wp\/v2\/types\/page"}],"author":[{"embeddable":true,"href":"http:\/\/lucealacati.com\/tr\/wp-json\/wp\/v2\/users\/1"}],"replies":[{"embeddable":true,"href":"http:\/\/lucealacati.com\/tr\/wp-json\/wp\/v2\/comments?post=37"}],"version-history":[{"count":39,"href":"http:\/\/lucealacati.com\/tr\/wp-json\/wp\/v2\/pages\/37\/revisions"}],"predecessor-version":[{"id":645,"href":"http:\/\/lucealacati.com\/tr\/wp-json\/wp\/v2\/pages\/37\/revisions\/645"}],"wp:attachment":[{"href":"http:\/\/lucealacati.com\/tr\/wp-json\/wp\/v2\/media?parent=37"}],"curies":[{"name":"wp","href":"https:\/\/api.w.org\/{rel}","templated":true}]}}