{"id":316,"date":"2016-02-15T11:47:35","date_gmt":"2016-02-15T11:47:35","guid":{"rendered":"http:\/\/lucealacati.com\/?page_id=316"},"modified":"2016-03-02T15:23:47","modified_gmt":"2016-03-02T15:23:47","slug":"yelkenle-alacati","status":"publish","type":"page","link":"http:\/\/lucealacati.com\/tr\/yelkenle-alacati\/","title":{"rendered":"Yelkenle Ala\u00e7at\u0131"},"content":{"rendered":"<p>[vc_row css=&#8221;.vc_custom_1455799854104{margin-top: 0px !important;}&#8221;][vc_column][vc_single_image image=&#8221;327&#8243; img_size=&#8221;full&#8221; alignment=&#8221;center&#8221; css_animation=&#8221;bottom-to-top&#8221; css=&#8221;.vc_custom_1455799955886{margin-top: 0px !important;margin-bottom: 0px !important;}&#8221;][\/vc_column][\/vc_row][vc_row][vc_column][vc_column_text]<\/p>\n<h3>Esintiye kendinizi teslim edin, denizin \u00e7a\u011fr\u0131s\u0131na Ala\u00e7at\u0131 k\u0131y\u0131lar\u0131n\u0131 ke\u015ffederek cevap verin\u2026<\/h3>\n<p>Denizen ne derece uzak ya\u015farsak ya\u015fayal\u0131m, bize derinden seslenen bir taraf\u0131 vard\u0131r denizin, r\u00fczgar\u0131n\u2026 Sonsuzlu\u011fa uzanan geni\u015fli\u011fi, derinli\u011fi, i\u00e7inizi serinleten esintisi\u2026 Belkide bizim kadar yak\u0131n de\u011filsiniz denizde hayata, ancak hi\u00e7 de\u011filse Ala\u00e7at\u0131\u2019y\u0131 birde denizden g\u00f6rmenizi \u015fiddetle \u00f6neririz.<\/p>\n<p>Sizleri \u00f6zel bir etkinli\u011finiz, dingin bir g\u00fcn, biraz yelken yapmak, belkide \u00e7ok iyi tan\u0131d\u0131\u011f\u0131n\u0131z Ala\u00e7at\u0131y\u0131 birde bu a\u00e7\u0131dan g\u00f6rmek veya sadece keyifli bir ortamda Ala\u00e7at\u0131 k\u0131y\u0131lar\u0131n\u0131 ke\u015ffetmek i\u00e7in Experience Ala\u00e7at\u0131 \u00e7at\u0131s\u0131 alt\u0131nda yelken yapmaya davet ediyoruz.<\/p>\n<p>Rotalar\u0131m\u0131z, tarih, detaylar ve size sunabilece\u011fimiz se\u00e7enekler i\u00e7in bizimle temasa ge\u00e7iniz.<\/p>\n<h5>Experience Ala\u00e7at\u0131 by Luce Hotel<\/h5>\n<p>[\/vc_column_text][vc_row_inner][vc_column_inner][vc_text_separator title=&#8221;Bunu Payla\u015f&#8221; css=&#8221;.vc_custom_1455618216652{margin-top: 32px !important;margin-bottom: 12px !important;}&#8221;][socialwrap align=&#8221;center&#8221;][socialicon name=&#8221;fb&#8221;][socialicon name=&#8221;twitter&#8221;][socialicon name=&#8221;google&#8221;][socialicon name=&#8221;linkedin&#8221;][\/socialwrap][\/vc_column_inner][\/vc_row_inner][\/vc_column][\/vc_row][vc_row full_width=&#8221;stretch_row&#8221; css=&#8221;.vc_custom_1455800055746{margin-bottom: 0px !important;background-color: #ede2ce !important;}&#8221;][vc_column][vc_column_text css=&#8221;.vc_custom_1455613647398{margin-top: 32px !important;margin-bottom: 12px !important;}&#8221;]<\/p>\n<h2>Galeri<\/h2>\n<p>[\/vc_column_text][vc_masonry_media_grid element_width=&#8221;3&#8243; grid_id=&#8221;vc_gid:1455612846155-4f8c2e96-818d-4&#8243; include=&#8221;335,336,337,338,339,340,341&#8243; css=&#8221;.vc_custom_1455613333226{margin-top: 32px !important;margin-bottom: 64px !important;}&#8221;][\/vc_column][\/vc_row]<\/p>","protected":false},"excerpt":{"rendered":"<p>[vc_row css=&#8221;.vc_custom_1455799854104{margin-top: 0px !important;}&#8221;][vc_column][vc_single_image image=&#8221;327&#8243; img_size=&#8221;full&#8221; alignment=&#8221;center&#8221; css_animation=&#8221;bottom-to-top&#8221; css=&#8221;.vc_custom_1455799955886{margin-top: 0px !important;margin-bottom: 0px !important;}&#8221;][\/vc_column][\/vc_row][vc_row][vc_column][vc_column_text] Esintiye kendinizi teslim edin, denizin \u00e7a\u011fr\u0131s\u0131na Ala\u00e7at\u0131 k\u0131y\u0131lar\u0131n\u0131 ke\u015ffederek cevap verin\u2026 Denizen ne derece uzak ya\u015farsak ya\u015fayal\u0131m, bize derinden seslenen bir taraf\u0131 vard\u0131r denizin, r\u00fczgar\u0131n\u2026 Sonsuzlu\u011fa uzanan geni\u015fli\u011fi, derinli\u011fi, i\u00e7inizi serinleten esintisi\u2026 Belkide bizim kadar yak\u0131n de\u011filsiniz denizde hayata, ancak hi\u00e7 de\u011filse<a class=\"read-more\" href=\"http:\/\/lucealacati.com\/tr\/yelkenle-alacati\/\">Continue reading <i class=\"fal fa-angle-right\"><\/i><\/a><\/p>\n","protected":false},"author":1,"featured_media":0,"parent":0,"menu_order":0,"comment_status":"closed","ping_status":"closed","template":"","meta":[],"_links":{"self":[{"href":"http:\/\/lucealacati.com\/tr\/wp-json\/wp\/v2\/pages\/316"}],"collection":[{"href":"http:\/\/lucealacati.com\/tr\/wp-json\/wp\/v2\/pages"}],"about":[{"href":"http:\/\/lucealacati.com\/tr\/wp-json\/wp\/v2\/types\/page"}],"author":[{"embeddable":true,"href":"http:\/\/lucealacati.com\/tr\/wp-json\/wp\/v2\/users\/1"}],"replies":[{"embeddable":true,"href":"http:\/\/lucealacati.com\/tr\/wp-json\/wp\/v2\/comments?post=316"}],"version-history":[{"count":21,"href":"http:\/\/lucealacati.com\/tr\/wp-json\/wp\/v2\/pages\/316\/revisions"}],"predecessor-version":[{"id":582,"href":"http:\/\/lucealacati.com\/tr\/wp-json\/wp\/v2\/pages\/316\/revisions\/582"}],"wp:attachment":[{"href":"http:\/\/lucealacati.com\/tr\/wp-json\/wp\/v2\/media?parent=316"}],"curies":[{"name":"wp","href":"https:\/\/api.w.org\/{rel}","templated":true}]}}