{"id":594,"date":"2016-06-02T08:22:38","date_gmt":"2016-06-02T08:22:38","guid":{"rendered":"http:\/\/lucealacati.com\/?page_id=594"},"modified":"2019-03-16T09:26:19","modified_gmt":"2019-03-16T09:26:19","slug":"lucevilla","status":"publish","type":"page","link":"http:\/\/lucealacati.com\/en\/lucevilla\/","title":{"rendered":"Villa"},"content":{"rendered":"<p>[vc_row css=&#8221;.vc_custom_1465197253313{padding-top: 0px !important;padding-bottom: 0px !important;}&#8221;][vc_column][vc_single_image image=&#8221;632&#8243; img_size=&#8221;full&#8221; alignment=&#8221;center&#8221;][\/vc_column][\/vc_row][vc_row][vc_column][vc_column_text]<\/p>\n<h1 style=\"text-align: center;\">LuCe Villa<\/h1>\n<p>[\/vc_column_text][vc_empty_space][vc_column_text]<\/p>\n<p class=\"p1\" style=\"text-align: center;\"><span class=\"s1\">This villa, built in 2016 in typical Alacat\u0131 style with stone and natural materials, is decorated in a fresh coastal style, situated in a quiet part of Ala\u00e7at\u0131 overlooking a park and yet within a 2 minute walking distance to the main street of Alacat\u0131 with all the shops and restaurants. The Villa has 4 bedrooms, 3 bathrooms, a fully equipped kitchen, livingroom with fireplace, veranda, private garden with private swimming pool. One of the bedrooms is on the ground floor with direct access to the garden and the pool,\u00a0the other three rooms are on first\u00a0floor, two of which have french balconies with a garden &amp; pool view \u00a0and the third has\u00a0a bay window with a park view.<\/span><\/p>\n<p>[\/vc_column_text][vc_empty_space][vc_btn title=&#8221;Book Your Stay Now&#8221; color=&#8221;danger&#8221; size=&#8221;lg&#8221; align=&#8221;center&#8221; css_animation=&#8221;bottom-to-top&#8221; link=&#8221;url:http%3A%2F%2Fwww.reseliva.com%2Fhotel%2FLuceHotelAlacati%2Findex.php||target:%20_blank&#8221;][\/vc_column][\/vc_row][vc_row][vc_column][vc_separator][\/vc_column][\/vc_row][vc_row][vc_column][vc_masonry_media_grid style=&#8221;lazy&#8221; items_per_page=&#8221;8&#8243; element_width=&#8221;3&#8243; grid_id=&#8221;vc_gid:1455786503853-ad08d5eb-eaf9-9&#8243; include=&#8221;616,615,614,613,612,609,608,607,605,604,603,601,600,599,598,597,606,610&#8243;][\/vc_column][\/vc_row]<\/p>","protected":false},"excerpt":{"rendered":"<p>[vc_row css=&#8221;.vc_custom_1465197253313{padding-top: 0px !important;padding-bottom: 0px !important;}&#8221;][vc_column][vc_single_image image=&#8221;632&#8243; img_size=&#8221;full&#8221; alignment=&#8221;center&#8221;][\/vc_column][\/vc_row][vc_row][vc_column][vc_column_text] LuCe Villa [\/vc_column_text][vc_empty_space][vc_column_text] This villa, built in 2016 in typical Alacat\u0131 style with stone and natural materials, is decorated in a fresh coastal style, situated in a quiet part of Ala\u00e7at\u0131 overlooking a park and yet within a 2 minute walking distance to the main street<a class=\"read-more\" href=\"http:\/\/lucealacati.com\/en\/lucevilla\/\">Continue reading <i class=\"fal fa-angle-right\"><\/i><\/a><\/p>\n","protected":false},"author":1,"featured_media":0,"parent":0,"menu_order":0,"comment_status":"closed","ping_status":"closed","template":"","meta":[],"_links":{"self":[{"href":"http:\/\/lucealacati.com\/en\/wp-json\/wp\/v2\/pages\/594"}],"collection":[{"href":"http:\/\/lucealacati.com\/en\/wp-json\/wp\/v2\/pages"}],"about":[{"href":"http:\/\/lucealacati.com\/en\/wp-json\/wp\/v2\/types\/page"}],"author":[{"embeddable":true,"href":"http:\/\/lucealacati.com\/en\/wp-json\/wp\/v2\/users\/1"}],"replies":[{"embeddable":true,"href":"http:\/\/lucealacati.com\/en\/wp-json\/wp\/v2\/comments?post=594"}],"version-history":[{"count":19,"href":"http:\/\/lucealacati.com\/en\/wp-json\/wp\/v2\/pages\/594\/revisions"}],"predecessor-version":[{"id":664,"href":"http:\/\/lucealacati.com\/en\/wp-json\/wp\/v2\/pages\/594\/revisions\/664"}],"wp:attachment":[{"href":"http:\/\/lucealacati.com\/en\/wp-json\/wp\/v2\/media?parent=594"}],"curies":[{"name":"wp","href":"https:\/\/api.w.org\/{rel}","templated":true}]}}