{"id":534,"date":"2016-02-25T09:42:02","date_gmt":"2016-02-25T09:42:02","guid":{"rendered":"http:\/\/lucealacati.com\/?page_id=534"},"modified":"2016-02-25T09:42:02","modified_gmt":"2016-02-25T09:42:02","slug":"resim-atolyesi","status":"publish","type":"page","link":"http:\/\/lucealacati.com\/en\/resim-atolyesi\/","title":{"rendered":"Painting Workshop"},"content":{"rendered":"<p>[vc_row css=&#8221;.vc_custom_1455799854104{margin-top: 0px !important;}&#8221;][vc_column][vc_single_image image=&#8221;413&#8243; img_size=&#8221;full&#8221; alignment=&#8221;center&#8221; css_animation=&#8221;bottom-to-top&#8221; css=&#8221;.vc_custom_1456393028199{margin-top: 0px !important;margin-bottom: 0px !important;}&#8221;][\/vc_column][\/vc_row][vc_row][vc_column][vc_column_text]<\/p>\n<h3>Ala\u00e7at\u0131 ruhunun \u00fczerinizdeki etkisini tuval \u00fczerine yans\u0131tmak istemezmisiniz?<\/h3>\n<p>Haftai\u00e7leri yap\u0131lan resim workshoplar\u0131m\u0131z yeteneklerinizi ve yarat\u0131c\u0131l\u0131\u011f\u0131n\u0131z\u0131 ke\u015ffetmeniz\u00a0i\u00e7in birebir ortam\u0131 size sunacakt\u0131r.<\/p>\n<p>Otelimizin konforunda sunulan bu workshop i\u00e7in ihtiyac\u0131n\u0131z olan hersey sizin i\u00e7in d\u00fc\u015f\u00fcn\u00fclm\u00fc\u015ft\u00fcr, size kalan keyifle i\u00e7kinizi yudumlayarak duygular\u0131\u0131n\u0131z\u0131 tuvale d\u00f6kmek&#8230;<\/p>\n<ul>\n<li>E\u011fitmen sanat\u00e7\u0131 e\u015fli\u011finde<\/li>\n<li>Akrilik boya veya kara kalem ile \u00e7al\u0131\u015fma imkan\u0131<\/li>\n<li>\u0130\u00e7ecek ikram\u0131<\/li>\n<li>14:00 &#8211; 18:00 aras\u0131 Sal\u0131 &#8211; \u00c7ar\u015famba &#8211; Per\u015fembe<\/li>\n<\/ul>\n<p>Daha fazla bilgi, gurup se\u00e7enekleri, \u00f6zel istek, ve rezervasyonunuzu yapt\u0131rmak icin l\u00fctfen bizimle temasa geciniz.<\/p>\n<h5>Experience Ala\u00e7at\u0131 by Luce Hotel<\/h5>\n<p>[\/vc_column_text][vc_row_inner][vc_column_inner][vc_text_separator title=&#8221;Bunu Payla\u015f&#8221; css=&#8221;.vc_custom_1455618216652{margin-top: 32px !important;margin-bottom: 12px !important;}&#8221;][socialwrap align=&#8221;center&#8221;][socialicon name=&#8221;fb&#8221;][socialicon name=&#8221;twitter&#8221;][socialicon name=&#8221;google&#8221;][socialicon name=&#8221;linkedin&#8221;][\/socialwrap][\/vc_column_inner][\/vc_row_inner][\/vc_column][\/vc_row]<\/p>\n","protected":false},"excerpt":{"rendered":"<p>[vc_row css=&#8221;.vc_custom_1455799854104{margin-top: 0px !important;}&#8221;][vc_column][vc_single_image image=&#8221;413&#8243; img_size=&#8221;full&#8221; alignment=&#8221;center&#8221; css_animation=&#8221;bottom-to-top&#8221; css=&#8221;.vc_custom_1456393028199{margin-top: 0px !important;margin-bottom: 0px !important;}&#8221;][\/vc_column][\/vc_row][vc_row][vc_column][vc_column_text] Ala\u00e7at\u0131 ruhunun \u00fczerinizdeki etkisini tuval \u00fczerine yans\u0131tmak istemezmisiniz? Haftai\u00e7leri yap\u0131lan resim workshoplar\u0131m\u0131z yeteneklerinizi ve yarat\u0131c\u0131l\u0131\u011f\u0131n\u0131z\u0131 ke\u015ffetmeniz\u00a0i\u00e7in birebir ortam\u0131 size sunacakt\u0131r. Otelimizin konforunda sunulan bu workshop i\u00e7in ihtiyac\u0131n\u0131z olan hersey sizin i\u00e7in d\u00fc\u015f\u00fcn\u00fclm\u00fc\u015ft\u00fcr, size kalan keyifle i\u00e7kinizi yudumlayarak duygular\u0131\u0131n\u0131z\u0131 tuvale d\u00f6kmek&#8230; E\u011fitmen sanat\u00e7\u0131<a class=\"read-more\" href=\"http:\/\/lucealacati.com\/en\/resim-atolyesi\/\">Continue reading <i class=\"fal fa-angle-right\"><\/i><\/a><\/p>\n","protected":false},"author":1,"featured_media":0,"parent":0,"menu_order":0,"comment_status":"closed","ping_status":"closed","template":"","meta":[],"_links":{"self":[{"href":"http:\/\/lucealacati.com\/en\/wp-json\/wp\/v2\/pages\/534"}],"collection":[{"href":"http:\/\/lucealacati.com\/en\/wp-json\/wp\/v2\/pages"}],"about":[{"href":"http:\/\/lucealacati.com\/en\/wp-json\/wp\/v2\/types\/page"}],"author":[{"embeddable":true,"href":"http:\/\/lucealacati.com\/en\/wp-json\/wp\/v2\/users\/1"}],"replies":[{"embeddable":true,"href":"http:\/\/lucealacati.com\/en\/wp-json\/wp\/v2\/comments?post=534"}],"version-history":[{"count":1,"href":"http:\/\/lucealacati.com\/en\/wp-json\/wp\/v2\/pages\/534\/revisions"}],"predecessor-version":[{"id":535,"href":"http:\/\/lucealacati.com\/en\/wp-json\/wp\/v2\/pages\/534\/revisions\/535"}],"wp:attachment":[{"href":"http:\/\/lucealacati.com\/en\/wp-json\/wp\/v2\/media?parent=534"}],"curies":[{"name":"wp","href":"https:\/\/api.w.org\/{rel}","templated":true}]}}