{"id":316,"date":"2016-02-15T11:47:35","date_gmt":"2016-02-15T11:47:35","guid":{"rendered":"http:\/\/lucealacati.com\/?page_id=316"},"modified":"2016-03-02T15:23:47","modified_gmt":"2016-03-02T15:23:47","slug":"yelkenle-alacati","status":"publish","type":"page","link":"http:\/\/lucealacati.com\/en\/yelkenle-alacati\/","title":{"rendered":"Sail Ala\u00e7at\u0131"},"content":{"rendered":"<p>[vc_row][vc_column][vc_single_image image=&#8221;327&#8243; img_size=&#8221;full&#8221; alignment=&#8221;center&#8221; css_animation=&#8221;bottom-to-top&#8221;][\/vc_column][\/vc_row][vc_row][vc_column][vc_column_text]<\/p>\n<h3>Surrender to the breeze, answer the call of the sea by exploring the shores of Ala\u00e7at\u0131\u2026<\/h3>\n<p>There is a part of the sea and wind that call us, however far we happen to live from sea&#8230; Its infinite horizon, its depth, its cooling breeze&#8230; Perhaps you are not as close to as we are to the life by the sea, however we strongly advise you to also take a look at Ala\u00e7at\u0131 from the sea.<\/p>\n<p>We invite you to go sailing with Experience ALa\u00e7at\u0131 by Luce Hotel for some fun in the sun, a special occasion, simply to surrender to the breeze or to see the Ala\u00e7at\u0131 coast from this perspective for a change.<\/p>\n<p>Please contact us for the available routes, details and options we can offer you.<\/p>\n<p><strong>Experience Ala\u00e7at\u0131 by Luce Hotel<\/strong>[\/vc_column_text][vc_row_inner][vc_column_inner][vc_text_separator title=&#8221;Share This&#8221; css=&#8221;.vc_custom_1455618231322{margin-top: 32px !important;margin-bottom: 12px !important;}&#8221;][socialwrap align=&#8221;center&#8221;][socialicon name=&#8221;fb&#8221;][socialicon name=&#8221;twitter&#8221;][socialicon name=&#8221;google&#8221;][socialicon name=&#8221;linkedin&#8221;][\/socialwrap][\/vc_column_inner][\/vc_row_inner][\/vc_column][\/vc_row][vc_row full_width=&#8221;stretch_row&#8221; css=&#8221;.vc_custom_1455614861976{margin-bottom: 0px !important;background-color: #ede2ce !important;}&#8221;][vc_column][vc_column_text css=&#8221;.vc_custom_1455613691104{margin-top: 32px !important;margin-bottom: 12px !important;}&#8221;]<\/p>\n<h2>Gallery<\/h2>\n<p>[\/vc_column_text][vc_masonry_media_grid element_width=&#8221;3&#8243; grid_id=&#8221;vc_gid:1455612846155-4f8c2e96-818d-4&#8243; include=&#8221;335,336,337,338,339,340,341&#8243; css=&#8221;.vc_custom_1455613333226{margin-top: 32px !important;margin-bottom: 64px !important;}&#8221;][\/vc_column][\/vc_row]<\/p>","protected":false},"excerpt":{"rendered":"<p>[vc_row][vc_column][vc_single_image image=&#8221;327&#8243; img_size=&#8221;full&#8221; alignment=&#8221;center&#8221; css_animation=&#8221;bottom-to-top&#8221;][\/vc_column][\/vc_row][vc_row][vc_column][vc_column_text] Surrender to the breeze, answer the call of the sea by exploring the shores of Ala\u00e7at\u0131\u2026 There is a part of the sea and wind that call us, however far we happen to live from sea&#8230; Its infinite horizon, its depth, its cooling breeze&#8230; Perhaps you are not as close<a class=\"read-more\" href=\"http:\/\/lucealacati.com\/en\/yelkenle-alacati\/\">Continue reading <i class=\"fal fa-angle-right\"><\/i><\/a><\/p>\n","protected":false},"author":1,"featured_media":0,"parent":0,"menu_order":0,"comment_status":"closed","ping_status":"closed","template":"","meta":[],"_links":{"self":[{"href":"http:\/\/lucealacati.com\/en\/wp-json\/wp\/v2\/pages\/316"}],"collection":[{"href":"http:\/\/lucealacati.com\/en\/wp-json\/wp\/v2\/pages"}],"about":[{"href":"http:\/\/lucealacati.com\/en\/wp-json\/wp\/v2\/types\/page"}],"author":[{"embeddable":true,"href":"http:\/\/lucealacati.com\/en\/wp-json\/wp\/v2\/users\/1"}],"replies":[{"embeddable":true,"href":"http:\/\/lucealacati.com\/en\/wp-json\/wp\/v2\/comments?post=316"}],"version-history":[{"count":18,"href":"http:\/\/lucealacati.com\/en\/wp-json\/wp\/v2\/pages\/316\/revisions"}],"predecessor-version":[{"id":582,"href":"http:\/\/lucealacati.com\/en\/wp-json\/wp\/v2\/pages\/316\/revisions\/582"}],"wp:attachment":[{"href":"http:\/\/lucealacati.com\/en\/wp-json\/wp\/v2\/media?parent=316"}],"curies":[{"name":"wp","href":"https:\/\/api.w.org\/{rel}","templated":true}]}}